{"id":3364,"date":"2023-07-04T17:05:57","date_gmt":"2023-07-04T15:05:57","guid":{"rendered":"https:\/\/www.passionsmeetneeds.com\/?page_id=3364"},"modified":"2025-03-18T02:53:12","modified_gmt":"2025-03-18T01:53:12","slug":"imprint","status":"publish","type":"page","link":"https:\/\/www.passionsmeetneeds.com\/de\/imprint\/","title":{"rendered":"Impressum"},"content":{"rendered":"<p><\/p>\n<h3 class=\"typo--subtitle mt-5\">Informationspflicht<\/h3>\n<p>&nbsp;<\/p>\n<p>passionsmeetneeds.com ist ein Service von:<\/p>\n<p>Talenttrader &#8211; talenttrader.at<\/p>\n<p>&nbsp;<\/p>\n<p><strong><img decoding=\"async\" class=\"alignnone size-medium wp-image-3898\" src=\"https:\/\/www.passionsmeetneeds.com\/wp-content\/uploads\/2025\/03\/Talenttrader1a_live_g-1-300x53.png\" alt=\"\" width=\"300\" height=\"53\" srcset=\"https:\/\/www.passionsmeetneeds.com\/wp-content\/uploads\/2025\/03\/Talenttrader1a_live_g-1-300x53.png 300w, https:\/\/www.passionsmeetneeds.com\/wp-content\/uploads\/2025\/03\/Talenttrader1a_live_g-1.png 422w\" sizes=\"(max-width: 300px) 100vw, 300px\" \/><\/strong><\/p>\n<p><strong>Die Design Agentur f\u00fcr kreative Innovation<\/strong><br \/>\n<strong>Marketing, Kommunikation &amp; Charity Services<\/strong><\/p>\n<p>&nbsp;<\/p>\n<p>Axel Meyjohann<br \/>\nLangackergasse 35\/4,<br \/>\n1190 Wien,<br \/>\n\u00d6sterreich<\/p>\n<p><strong>Unternehmensgegenstand: <\/strong>Werbeagentur<br \/>\n<strong>UID-Nummer: <\/strong>ATU folgt<\/p>\n<p><strong>Mitglied bei: <\/strong>WKO<br \/>\n<strong>Gewerbeordnung:<\/strong><a href=\"https:\/\/www.ris.bka.gv.at\"> www.ris.bka.gv.at<\/a><\/p>\n<p><strong>Aufsichtsbeh\u00f6rde\/Gewerbebeh\u00f6rde: <\/strong>Magistrat der Stadt Wien<br \/>\n<strong>GISA-Zahl: <\/strong>36143658<br \/>\n<strong>Berufsbezeichnung: <\/strong>Werbeagentur<br \/>\n<strong>Verleihungsstaat: <\/strong>\u00d6sterreich<\/p>\n<p class=\"typo--copy\">EU-Streitschlichtung<\/p>\n<p class=\"typo--copy\">Angaben zur Online-Streitbeilegung: Verbraucher haben die M\u00f6glichkeit, Beschwerden an die OnlineStreitbeilegungsplattform der EU zu richten: https:\/\/ec.europa.eu\/consumers\/odr\/main\/index.cfm?event=main.home2.show&amp;lng=DE. Sie k\u00f6nnen allf\u00e4llige Beschwerde auch an die oben angegebene E-Mail-Adresse richten.<\/p>\n<h3 class=\"typo--subtitle mt-5\">Haftung f\u00fcr Inhalte dieser Webseite<\/h3>\n<p class=\"typo--copy\">Wir entwickeln die Inhalte dieser Webseite st\u00e4ndig weiter und bem\u00fchen uns korrekte und aktuelle Informationen bereitzustellen. Leider k\u00f6nnen wir keine Haftung f\u00fcr die Korrektheit aller Inhalte auf dieser Webseite \u00fcbernehmen, speziell f\u00fcr jene die seitens Dritter bereitgestellt wird. Sollten Ihnen problematische oder rechtswidrige Inhalte auffallen, bitte wir Sie uns umgehend zu kontaktieren, Sie finden die Kontaktdaten im Impressum.<\/p>\n<h3 class=\"typo--subtitle mt-5\">Haftung f\u00fcr Links auf dieser Webseite<\/h3>\n<p class=\"typo--copy\">Unsere Webseite enth\u00e4lt Links zu anderen Webseiten f\u00fcr deren Inhalt wir nicht verantwortlich sind. Wenn Ihnen rechtswidrige Links auf unserer Webseite auffallen, bitte wir Sie uns zu kontaktieren, Sie finden die Kontaktdaten im Impressum.<\/p>\n<h3 class=\"typo--subtitle mt-5\">Urheberrechtshinweis<\/h3>\n<p class=\"typo--copy\">Alle Inhalte dieser Webseite (Bilder, Fotos, Texte, Videos) unterliegen dem Urheberrecht. Falls notwendig, werden wir die unerlaubte Nutzung von Teilen der Inhalte unserer Seite rechtlich verfolgen.<\/p>\n<h3 class=\"typo--subtitle mt-5\">Bildernachweis<\/h3>\n<p class=\"typo--copy\">Die Bilder, Fotos und Grafiken auf dieser Webseite sind urheberrechtlich gesch\u00fctzt.<br \/>\nDie Bilderrechte liegen bei Passions meet Needs<br \/>\noder stammen von nachfolgen Plattformen mit lizenzfreien Photos,<br \/>\nAngaben der Bildautoren finden sich dann mit Click rechter Maustaste in der URL (z.B. https:\/\/www.passionsmeetneeds.com\/wp-content\/uploads\/2023\/06\/pexels-kindel-media-76883351-scaled.jpg)<\/p>\n<p>Unplash: https:\/\/unsplash.com<\/p>\n<p>Pexels: https:\/\/www.pexels.com<\/p>\n<p>Freepik: https:\/\/de.freepik.com<\/p>","protected":false},"excerpt":{"rendered":"<p>Informationspflicht &nbsp; passionsmeetneeds.com ist ein Service von: Talenttrader &#8211; talenttrader.at &nbsp; Die Design Agentur f\u00fcr kreative Innovation Marketing, Kommunikation &amp; Charity Services &nbsp; Axel Meyjohann Langackergasse 35\/4, 1190 Wien, \u00d6sterreich Unternehmensgegenstand: Werbeagentur UID-Nummer: ATU folgt Mitglied bei: WKO Gewerbeordnung: www.ris.bka.gv.at Aufsichtsbeh\u00f6rde\/Gewerbebeh\u00f6rde: Magistrat der Stadt Wien GISA-Zahl: 36143658 Berufsbezeichnung: Werbeagentur Verleihungsstaat: \u00d6sterreich EU-Streitschlichtung Angaben zur Online-Streitbeilegung: [&hellip;]<\/p>\n","protected":false},"author":1,"featured_media":0,"parent":0,"menu_order":0,"comment_status":"closed","ping_status":"closed","template":"","meta":{"footnotes":""},"_links":{"self":[{"href":"https:\/\/www.passionsmeetneeds.com\/de\/wp-json\/wp\/v2\/pages\/3364"}],"collection":[{"href":"https:\/\/www.passionsmeetneeds.com\/de\/wp-json\/wp\/v2\/pages"}],"about":[{"href":"https:\/\/www.passionsmeetneeds.com\/de\/wp-json\/wp\/v2\/types\/page"}],"author":[{"embeddable":true,"href":"https:\/\/www.passionsmeetneeds.com\/de\/wp-json\/wp\/v2\/users\/1"}],"replies":[{"embeddable":true,"href":"https:\/\/www.passionsmeetneeds.com\/de\/wp-json\/wp\/v2\/comments?post=3364"}],"version-history":[{"count":6,"href":"https:\/\/www.passionsmeetneeds.com\/de\/wp-json\/wp\/v2\/pages\/3364\/revisions"}],"predecessor-version":[{"id":3900,"href":"https:\/\/www.passionsmeetneeds.com\/de\/wp-json\/wp\/v2\/pages\/3364\/revisions\/3900"}],"wp:attachment":[{"href":"https:\/\/www.passionsmeetneeds.com\/de\/wp-json\/wp\/v2\/media?parent=3364"}],"curies":[{"name":"wp","href":"https:\/\/api.w.org\/{rel}","templated":true}]}}