{"id":3349,"date":"2023-07-03T19:25:44","date_gmt":"2023-07-03T17:25:44","guid":{"rendered":"https:\/\/www.passionsmeetneeds.com\/?page_id=3349"},"modified":"2025-03-18T03:13:50","modified_gmt":"2025-03-18T02:13:50","slug":"deutsch-datenschutz-aaa","status":"publish","type":"page","link":"https:\/\/www.passionsmeetneeds.com\/de\/deutsch-datenschutz-aaa\/","title":{"rendered":"Datenschutz"},"content":{"rendered":"<h3>Erkl\u00e4rung zur Informationspflicht<\/h3>\n<p>&nbsp;<\/p>\n<p align=\"center\"><strong>Datenschutzerkl\u00e4rung<\/strong><\/p>\n<p>In folgender Datenschutzerkl\u00e4rung informieren wir Sie \u00fcber die wichtigsten Aspekte der Datenverarbeitung im Rahmen unserer Webseite. Wir erheben und verarbeiten personenbezogene Daten nur auf Grundlage der gesetzlichen Bestimmungen (Datenschutzgrundverordnung, Telekommunikationsgesetz 2003).<\/p>\n<p>Sobald Sie als Benutzer auf unsere Webseite zugreifen oder diese besuchen wird Ihre IP-Adresse, Beginn sowie Beginn und Ende der Sitzung erfasst. Dies ist technisch bedingt und stellt somit ein berechtigtes Interesse iSv Art 6 Abs 1 lit f DSGVO.<\/p>\n<h5>Kontakt mit uns<\/h5>\n<p>Wenn Sie uns, entweder \u00fcber unser Kontaktformular auf unserer Webseite, oder per Email kontaktieren, dann werden die von Ihnen an uns \u00fcbermittelten Daten zwecks Bearbeitung Ihrer Anfrage oder f\u00fcr den Fall von weiteren Anschlussfragen f\u00fcr sechs Monate bei uns gespeichert. Es erfolgt, ohne Ihre Einwilligung, keine Weitergabe Ihrer \u00fcbermittelten Daten.<\/p>\n<h5>Datenspeicherung<\/h5>\n<p>Im Rahmen der Erleichterung des Einkaufsvorganges und zur sp\u00e4teren Vertragsabwicklung werden vom Webshop-Betreiber im Rahmen von Cookies die IP-Adresse des Anschlussinhabers gespeichert, ebenso wie Name, Anschrift, Zahlungsinformationen.<\/p>\n<p>F\u00fcr die Vertragsabwicklung werden auch folgende Daten bei uns gespeichert:<br \/>\nEmail, Telefonnummer.<\/p>\n<p>Die von Ihnen bereitgestellten Daten sind f\u00fcr die Vertragserf\u00fcllung und zur Durchf\u00fchrung vorvertraglicher Ma\u00dfnahmen erforderlich. Ein Vertragsabschluss ohne dieser Daten ist nicht m\u00f6glich. Eine \u00dcbermittlung der erhobenen Daten an Dritte erfolgt nicht, mit Ausnahme der \u00dcbermittlung von Zahlungsdaten (Kreditkartendaten) an die abwickelnden Bankinstitute\/Zahlungsdienstleister zum Zwecke der Abbuchung des Einkaufspreises, an das von uns Beauftragte Versandunternehmen (Transportunternehmen), welches mit der Zustellung der Ware beauftragt ist und unseren Steuerberater zur Erf\u00fcllung unserer steuerrechtlichen Verpflichtungen.<\/p>\n<p>Sollten Sie den Einkaufsvorgang abbrechen, werden diese bei uns gespeicherten Daten gel\u00f6scht. Solle ein Vertragsabschluss zustande kommen, werden s\u00e4mtliche Daten, resultierend aus dem Vertragsverh\u00e4ltnis, bis zum Ablauf der steuerrechtlichen Aufbewahrungsfirst (7 Jahre) gespeichert. Der \u00fcbermittelte Name, die Anschrift, gekaufte Waren und Kaufdatum werden dar\u00fcber hinaus bis zum Ablauf der Produkthaftung (10 Jahre) gespeichert. Die Datenverarbeitung erfolgt auf Basis der gesetzlichen Bestimmungen des \u00a7 96 Abs 3 TKG sowie des Art 6 Abs 1 lit a (Einwilligung) und\/oder lit b (notwendig zur Vertragserf\u00fcllung) der DSGVO.<\/p>\n<h5>Cookies<\/h5>\n<p>Unsere Website verwendet so genannte Cookies. Dabei handelt es sich um kleine Textdateien, die mit Hilfe des Browsers auf Ihrem Endger\u00e4t abgelegt werden. Sie richten keinen Schaden an. Wir nutzen Cookies dazu, unser Angebot nutzerfreundlich zu gestalten. Einige Cookies bleiben auf Ihrem Endger\u00e4t gespeichert, bis Sie diese l\u00f6schen. Sie erm\u00f6glichen es uns, Ihren Browser beim n\u00e4chsten Besuch wiederzuerkennen. Wenn Sie dies nicht w\u00fcnschen, so k\u00f6nnen Sie Ihren Browser so einrichten, dass er Sie \u00fcber das Setzen von Cookies informiert und Sie dies nur im Einzelfall erlauben. Bei der Deaktivierung von Cookies kann die Funktionalit\u00e4t unserer Website eingeschr\u00e4nkt sein.<\/p>\n<h5>Google Maps<\/h5>\n<p>Unsere Website verwendet Funktionen des Webkartendienstes \u201eGoogle Maps\u201c. Der Dienstanbieter dieser Funktion ist:<\/p>\n<ul>\n<li>Google Ireland Limited Gordon House, Barrow Street Dublin 4. Ireland. Tel: +353 1 543 1000<\/li>\n<\/ul>\n<p>Im Zuge der Nutzung von Google Maps ist es notwendig Ihre IP-Adresse zu speichern und zu verarbeiten. Google \u00fcbertr\u00e4gt in der Regel an einen Server in den USA und speichert die Daten dort. Die Verarbeitung geschieht durch den Diensteanbieter (oben genannt), der Betreiber dieser Homepage hat keinen Einfluss auf die \u00dcbertragung der Daten.<\/p>\n<p>Die Datenverarbeitung erfolgt auf Basis der gesetzlichen Bestimmungen des \u00a7 96 Abs 3 TKG sowie des Art 6 Abs 1 lit f (berechtigtes Interesse) der DSGVO. Die Nutzung von Google Maps erh\u00f6ht die Auffindbarkeit der Orte, welche auf unserer Webseite bereitgestellt werden.<\/p>\n<p>Weitere Informationen \u00fcber den Umgang mit Nutzerdaten des Diensteanbieters \u201eGoogle\u201c k\u00f6nnen Sie der Datenschutzerkl\u00e4rung entnehmen:<\/p>\n<p><a href=\"https:\/\/policies.google.com\/privacy?hl=de\"> https:\/\/policies.google.com\/privacy?hl=de <\/a> .<\/p>\n<p>Google verarbeitet die Daten auch in den USA, hat sich jedoch dem<br \/>\nEU-US Privacy-Shield unterworfen.<\/p>\n<p><a href=\"https:\/\/www.privacyshield.gov\/EU-US-Framework\"> https:\/\/www.privacyshield.gov\/EU-US-Framework <\/a><\/p>\n<h5>Google Fonts<\/h5>\n<p>Unsere Website verwendet Schriftarten von \u201eGoogle Fonts\u201c. Der Dienstanbieter dieser Funktion ist:<\/p>\n<ul>\n<li>Google Ireland Limited Gordon House, Barrow Street Dublin 4. Ireland<\/li>\n<\/ul>\n<p>Tel: +353 1 543 1000<\/p>\n<p>Beim Aufrufen dieser Webseite l\u00e4dt Ihr Browser Schriftarten und speichert diese in den Cache. Da Sie, als Besucher der Webseite, Daten des Dienstanbieters empfangen kann Google unter Umst\u00e4nden Cookies auf Ihrem Rechner setzen oder analysieren.<\/p>\n<p>Die Nutzung von \u201eGoogle-Fonts\u201c dient der Optimierung unserer Dienstleistung und der einheitlichen Darstellung von Inhalten. Dies stellt ein berechtigtes Interesse im Sinne von Art. 6 Abs. 1 lit. f DSGVO dar.<\/p>\n<p>Weitere Informationen zu Google Fonts erhalten Sie unter folgendem Link:<\/p>\n<ul>\n<li><a href=\"https:\/\/developers.google.com\/fonts\/faq\"> https:\/\/developers.google.com\/fonts\/faq <\/a><\/li>\n<\/ul>\n<p>Weitere Informationen \u00fcber den Umgang mit Nutzerdaten von Google k\u00f6nnen Sie der Datenschutzerkl\u00e4rung entnehmen:<\/p>\n<ul>\n<li><a href=\"https:\/\/policies.google.com\/privacy?hl=de\"> https:\/\/policies.google.com\/privacy?hl=de <\/a> .<\/li>\n<\/ul>\n<p>Google verarbeitet die Daten auch in den USA, hat sich jedoch dem<br \/>\nEU-US Privacy-Shield unterworfen.<\/p>\n<p><a href=\"https:\/\/www.privacyshield.gov\/EU-US-Framework\"> https:\/\/www.privacyshield.gov\/EU-US-Framework <\/a><\/p>\n<h5>Server-Log Files<\/h5>\n<p>Diese Webseite und der damit verbundene Provider erhebt im Zuge der Webseitennutzung automatisch Informationen im Rahmen sogenannter \u201eServer-Log Files\u201c. Dies betrifft insbesondere:<\/p>\n<ul>\n<li>IP-Adresse oder Hostname<\/li>\n<li>den verwendeten Browser<\/li>\n<li>Aufenthaltsdauer auf der Webseite sowie Datum und Uhrzeit<\/li>\n<li>aufgerufene Seiten der Webseite<\/li>\n<li>Spracheinstellungen und Betriebssystem<\/li>\n<li>\u201eLeaving-Page\u201c (auf welcher URL hat der Benutzer die Webseite verlassen)<\/li>\n<li>ISP (Internet Service Provider)<\/li>\n<\/ul>\n<p>Diese erhobenen Informationen werden nicht personenbezogen verarbeitet oder mit personenbezogenen Daten in Verbindung gebracht.<\/p>\n<p>Der Webseitenbetreiber beh\u00e4lt es sich vor, im Falle von Bekanntwerden rechtswidriger T\u00e4tigkeiten, diese Daten auszuwerten oder zu \u00fcberpr\u00fcfen.<\/p>\n<h5>Newsletter<\/h5>\n<p>Sie haben die M\u00f6glichkeit, \u00fcber unsere Website unseren Newsletter zu abonnieren. Hierf\u00fcr ben\u00f6tigen wir Ihre E-Mail-Adresse und ihre Erkl\u00e4rung, dass Sie mit dem Bezug des Newsletters einverstanden sind.<\/p>\n<h5>Ihre Rechte als Betroffener<\/h5>\n<p>Sie als Betroffener haben bez\u00fcglich Ihrer Daten, welche bei uns gespeichert sind grunds\u00e4tzlich ein Recht auf:<\/p>\n<ul>\n<li>Auskunft<\/li>\n<li>L\u00f6schung der Daten<\/li>\n<li>Berichtigung der Daten<\/li>\n<li>\u00dcbertragbarkeit der Daten<\/li>\n<li>Wiederruf und Widerspruch zur Datenverarbeitung<\/li>\n<li>Einschr\u00e4nkung<\/li>\n<\/ul>\n<p>Wenn sie vermuten, dass im Zuge der Verarbeitung Ihrer Daten Verst\u00f6\u00dfe gegen das Datenschutzrecht passiert sind, so haben Sie die M\u00f6glichkeit sich bei uns (ameyjo@t-online.de) oder der Datenschutzbeh\u00f6rde zu beschweren.<\/p>\n<h5>Sie erreichen uns unter folgenden Kontaktdaten:<\/h5>\n<p><b>Webseitenbetreiber:<\/b> Talenttrader &#8211; Creative Charity Hub<br \/>\n<b>Telefonnummer:<\/b> +43 660 22 400 84<br \/>\n<b>Email:<\/b> ameyjo@t-online.de<\/p>\n<p>Quelle: <b><a href=\"https:\/\/www.rechtstexte-generator.at\/dsgvo-generator-oesterreich\/\">Datenschutz DSGVO Generator<\/a><\/b> in Kooperation mit <b><a href=\"http:\/\/krankenversicherung123.at\/\">Private Krankenversicherung \u00d6sterreich<\/a><\/b><\/p>\n","protected":false},"excerpt":{"rendered":"<p>Erkl\u00e4rung zur Informationspflicht &nbsp; Datenschutzerkl\u00e4rung In folgender Datenschutzerkl\u00e4rung informieren wir Sie \u00fcber die wichtigsten Aspekte der Datenverarbeitung im Rahmen unserer Webseite. Wir erheben und verarbeiten personenbezogene Daten nur auf Grundlage der gesetzlichen Bestimmungen (Datenschutzgrundverordnung, Telekommunikationsgesetz 2003). Sobald Sie als Benutzer auf unsere Webseite zugreifen oder diese besuchen wird Ihre IP-Adresse, Beginn sowie Beginn und Ende [&hellip;]<\/p>\n","protected":false},"author":1,"featured_media":0,"parent":0,"menu_order":0,"comment_status":"closed","ping_status":"closed","template":"","meta":{"footnotes":""},"_links":{"self":[{"href":"https:\/\/www.passionsmeetneeds.com\/de\/wp-json\/wp\/v2\/pages\/3349"}],"collection":[{"href":"https:\/\/www.passionsmeetneeds.com\/de\/wp-json\/wp\/v2\/pages"}],"about":[{"href":"https:\/\/www.passionsmeetneeds.com\/de\/wp-json\/wp\/v2\/types\/page"}],"author":[{"embeddable":true,"href":"https:\/\/www.passionsmeetneeds.com\/de\/wp-json\/wp\/v2\/users\/1"}],"replies":[{"embeddable":true,"href":"https:\/\/www.passionsmeetneeds.com\/de\/wp-json\/wp\/v2\/comments?post=3349"}],"version-history":[{"count":4,"href":"https:\/\/www.passionsmeetneeds.com\/de\/wp-json\/wp\/v2\/pages\/3349\/revisions"}],"predecessor-version":[{"id":3902,"href":"https:\/\/www.passionsmeetneeds.com\/de\/wp-json\/wp\/v2\/pages\/3349\/revisions\/3902"}],"wp:attachment":[{"href":"https:\/\/www.passionsmeetneeds.com\/de\/wp-json\/wp\/v2\/media?parent=3349"}],"curies":[{"name":"wp","href":"https:\/\/api.w.org\/{rel}","templated":true}]}}